{"id":4281,"date":"2024-12-23T13:16:04","date_gmt":"2024-12-23T12:16:04","guid":{"rendered":"https:\/\/hhc-waldhausen.de\/?page_id=4281"},"modified":"2025-03-15T12:34:59","modified_gmt":"2025-03-15T11:34:59","slug":"akkordeon-orchester-2","status":"publish","type":"page","link":"https:\/\/hhc-waldhausen.de\/?page_id=4281","title":{"rendered":"H\u00e4ndler &#038; Service"},"content":{"rendered":"<div>\n<h4><strong>H\u00e4ndler &amp; Service<br \/>\n<\/strong><\/h4>\n<\/div>\n<p>Wir empfehlen f\u00fcr den Kauf eines neuen oder gebrauchten Akkordeons sowie f\u00fcr fachgerechte Reparaturen folgende Partner. Mit Click auf den Namen gelangt man zur Homepage und den Kontaktdaten.<\/p>\n<p>Beim H.H.C. machen wir kleinere Reparaturen selbst, haben immer wieder auch gebrauchte Instrumente zum Verkauf, beraten und vermitteln.<br \/>\nBitte dazu an unseren Vorsitzenden Heiko Cammerer wenden.<\/p>\n<p><a href=\"https:\/\/akkord.de\/\" target=\"_blank\" rel=\"noopener\">Akkordeon-Service-Center Zimmermann, Pforzheim<\/a><br \/>\n<a href=\"https:\/\/www.koppoldmusik.de\/\" target=\"_blank\" rel=\"noopener\">Koppold Musik, Backnang<\/a><br \/>\n<a href=\"http:\/\/www.akkordeonhaus-hemgesberg.de\" target=\"_blank\" rel=\"noopener\">Akkordeonhaus Hemgesberg, Lonsee-Luizhausen<\/a><br \/>\n<a href=\"https:\/\/www.musik-pietsch.de\/\" target=\"_blank\" rel=\"noopener\">Musik-Center Pietsch, Bruchsal-Heidelsheim<\/a><br \/>\n<a href=\"https:\/\/www.lamusica24.com\/\" target=\"_blank\" rel=\"noopener\">La musica, Augsburg<\/a><br \/>\n<a href=\"https:\/\/www.ebay.de\/str\/gerhardmusik\" target=\"_blank\" rel=\"noopener\">Akkordeonhaus Gerhard Hauser, Br\u00e4unlingen<\/a><br \/>\n<a href=\"https:\/\/akkodoc.de\/\" target=\"_blank\" rel=\"noopener\">Akkodoc Holger Kimmich, H\u00fclben<\/a><\/p>\n","protected":false},"excerpt":{"rendered":"<p>H\u00e4ndler &amp; Service Wir empfehlen f\u00fcr den Kauf eines neuen oder gebrauchten Akkordeons sowie f\u00fcr fachgerechte Reparaturen folgende Partner. Mit Click auf den Namen gelangt man zur Homepage und den &#8230;<\/p>\n","protected":false},"author":1,"featured_media":0,"parent":0,"menu_order":0,"comment_status":"closed","ping_status":"closed","template":"","meta":{"two_page_speed":[],"footnotes":""},"class_list":["post-4281","page","type-page","status-publish","hentry"],"jetpack_sharing_enabled":true,"_links":{"self":[{"href":"https:\/\/hhc-waldhausen.de\/index.php?rest_route=\/wp\/v2\/pages\/4281","targetHints":{"allow":["GET"]}}],"collection":[{"href":"https:\/\/hhc-waldhausen.de\/index.php?rest_route=\/wp\/v2\/pages"}],"about":[{"href":"https:\/\/hhc-waldhausen.de\/index.php?rest_route=\/wp\/v2\/types\/page"}],"author":[{"embeddable":true,"href":"https:\/\/hhc-waldhausen.de\/index.php?rest_route=\/wp\/v2\/users\/1"}],"replies":[{"embeddable":true,"href":"https:\/\/hhc-waldhausen.de\/index.php?rest_route=%2Fwp%2Fv2%2Fcomments&post=4281"}],"version-history":[{"count":5,"href":"https:\/\/hhc-waldhausen.de\/index.php?rest_route=\/wp\/v2\/pages\/4281\/revisions"}],"predecessor-version":[{"id":4344,"href":"https:\/\/hhc-waldhausen.de\/index.php?rest_route=\/wp\/v2\/pages\/4281\/revisions\/4344"}],"wp:attachment":[{"href":"https:\/\/hhc-waldhausen.de\/index.php?rest_route=%2Fwp%2Fv2%2Fmedia&parent=4281"}],"curies":[{"name":"wp","href":"https:\/\/api.w.org\/{rel}","templated":true}]}}