{"id":4139,"date":"2024-07-13T10:05:32","date_gmt":"2024-07-13T08:05:32","guid":{"rendered":"https:\/\/hhc-waldhausen.de\/?page_id=4139"},"modified":"2026-03-30T20:31:38","modified_gmt":"2026-03-30T18:31:38","slug":"klangstrasse-h-h-c-2-2","status":"publish","type":"page","link":"https:\/\/hhc-waldhausen.de\/?page_id=4139","title":{"rendered":"Musikalische Fr\u00fchf\u00f6rderung"},"content":{"rendered":"<div>\n<p class=\"cvGsUA direction-ltr align-start para-style-body\"><span style=\"font-size: 12pt;\"><strong><span class=\"OYPEnA text-decoration-none text-strikethrough-none\">MUSIKALISCHE FR\u00dcHF\u00d6RDERUNG BEIM <\/span><span class=\"OYPEnA text-decoration-none text-strikethrough-none\">H.H.C. WALDHAUSEN<\/span><\/strong><\/span><\/p>\n<p><span class=\"OYPEnA text-decoration-none text-strikethrough-none\">&#8211; Musikgarten f\u00fcr Kinder <\/span><span class=\"OYPEnA text-decoration-none text-strikethrough-none\">von 12 Monaten bis 3 Jahre mit einem Elternteil<br \/>\n<\/span><span class=\"OYPEnA text-decoration-none text-strikethrough-none\">&#8211; Klangstra\u00dfe Minis : 3- 4 Jahre<br \/>\n<\/span><span class=\"OYPEnA text-decoration-none text-strikethrough-none\">&#8211; Klangstra\u00dfe Maxis : 4-5 Jahre<br \/>\n<\/span><span class=\"OYPEnA text-decoration-none text-strikethrough-none\">&#8211; Klangstra\u00dfe Super-Maxis: 5-6 Jahre<\/span><\/p>\n<ul>\n<li><strong>Unterrichtsort<br \/>\n<\/strong>Dorfhaus 73547 Waldhausen, Vorstadtstra\u00dfe 33<\/li>\n<li><strong>Weitere Informationen und Anmeldung<br \/>\n<\/strong><span class=\"OYPEnA text-decoration-none text-strikethrough-none\">H.H.C. Waldhausen e.V.<br \/>\n<\/span><span class=\"OYPEnA text-decoration-none text-strikethrough-none\">Tatjana Schwanitz<br \/>\n<\/span><span class=\"OYPEnA text-decoration-none text-strikethrough-none\">Tel. 07172\/9112514<br \/>\n<\/span><span class=\"OYPEnA text-decoration-none text-strikethrough-none\">E-Mail: <a href=\"mailto:mff@hhc-waldhausen.de\">mff@hhc-waldhausen.de<\/a><\/span><\/li>\n<li><a href=\"https:\/\/hhc-waldhausen.de\/?page_id=1902\">zum Musikgarten&#8230;<\/a><\/li>\n<li><a href=\"https:\/\/hhc-waldhausen.de\/?page_id=346\">zur Klangstra\u00dfe&#8230;<\/a><\/li>\n<li><a href=\"https:\/\/hhc-waldhausen.de\/wp-content\/uploads\/2026\/03\/HHC-Flyer-MFF-2026.pdf\" target=\"_blank\" rel=\"noopener\">Download Flyer&#8230;<\/a><\/li>\n<\/ul>\n<p><img loading=\"lazy\" decoding=\"async\" class=\"size-large wp-image-4134\" src=\"https:\/\/hhc-waldhausen.de\/wp-content\/uploads\/2024\/07\/iStock-1461629187-1024x683.jpg\" alt=\"\" width=\"800\" height=\"534\" srcset=\"https:\/\/hhc-waldhausen.de\/wp-content\/uploads\/2024\/07\/iStock-1461629187-1024x683.jpg 1024w, https:\/\/hhc-waldhausen.de\/wp-content\/uploads\/2024\/07\/iStock-1461629187-300x200.jpg 300w, https:\/\/hhc-waldhausen.de\/wp-content\/uploads\/2024\/07\/iStock-1461629187-768x512.jpg 768w, https:\/\/hhc-waldhausen.de\/wp-content\/uploads\/2024\/07\/iStock-1461629187-1536x1024.jpg 1536w, https:\/\/hhc-waldhausen.de\/wp-content\/uploads\/2024\/07\/iStock-1461629187-2048x1365.jpg 2048w, https:\/\/hhc-waldhausen.de\/wp-content\/uploads\/2024\/07\/iStock-1461629187-600x400.jpg 600w\" sizes=\"auto, (max-width: 800px) 100vw, 800px\" \/><\/p>\n<p><img loading=\"lazy\" decoding=\"async\" class=\"size-large wp-image-4135\" src=\"https:\/\/hhc-waldhausen.de\/wp-content\/uploads\/2024\/07\/iStock-1010538272-1024x683.jpg\" alt=\"\" width=\"800\" height=\"534\" srcset=\"https:\/\/hhc-waldhausen.de\/wp-content\/uploads\/2024\/07\/iStock-1010538272-1024x683.jpg 1024w, https:\/\/hhc-waldhausen.de\/wp-content\/uploads\/2024\/07\/iStock-1010538272-300x200.jpg 300w, https:\/\/hhc-waldhausen.de\/wp-content\/uploads\/2024\/07\/iStock-1010538272-768x512.jpg 768w, https:\/\/hhc-waldhausen.de\/wp-content\/uploads\/2024\/07\/iStock-1010538272-1536x1024.jpg 1536w, https:\/\/hhc-waldhausen.de\/wp-content\/uploads\/2024\/07\/iStock-1010538272-2048x1365.jpg 2048w, https:\/\/hhc-waldhausen.de\/wp-content\/uploads\/2024\/07\/iStock-1010538272-600x400.jpg 600w\" sizes=\"auto, (max-width: 800px) 100vw, 800px\" \/><\/p>\n<\/div>\n","protected":false},"excerpt":{"rendered":"<p>MUSIKALISCHE FR\u00dcHF\u00d6RDERUNG BEIM H.H.C. WALDHAUSEN &#8211; Musikgarten f\u00fcr Kinder von 12 Monaten bis 3 Jahre mit einem Elternteil &#8211; Klangstra\u00dfe Minis : 3- 4 Jahre &#8211; Klangstra\u00dfe Maxis : 4-5 &#8230;<\/p>\n","protected":false},"author":1,"featured_media":0,"parent":0,"menu_order":0,"comment_status":"closed","ping_status":"closed","template":"","meta":{"two_page_speed":[],"footnotes":""},"class_list":["post-4139","page","type-page","status-publish","hentry"],"jetpack_sharing_enabled":true,"_links":{"self":[{"href":"https:\/\/hhc-waldhausen.de\/index.php?rest_route=\/wp\/v2\/pages\/4139","targetHints":{"allow":["GET"]}}],"collection":[{"href":"https:\/\/hhc-waldhausen.de\/index.php?rest_route=\/wp\/v2\/pages"}],"about":[{"href":"https:\/\/hhc-waldhausen.de\/index.php?rest_route=\/wp\/v2\/types\/page"}],"author":[{"embeddable":true,"href":"https:\/\/hhc-waldhausen.de\/index.php?rest_route=\/wp\/v2\/users\/1"}],"replies":[{"embeddable":true,"href":"https:\/\/hhc-waldhausen.de\/index.php?rest_route=%2Fwp%2Fv2%2Fcomments&post=4139"}],"version-history":[{"count":6,"href":"https:\/\/hhc-waldhausen.de\/index.php?rest_route=\/wp\/v2\/pages\/4139\/revisions"}],"predecessor-version":[{"id":4622,"href":"https:\/\/hhc-waldhausen.de\/index.php?rest_route=\/wp\/v2\/pages\/4139\/revisions\/4622"}],"wp:attachment":[{"href":"https:\/\/hhc-waldhausen.de\/index.php?rest_route=%2Fwp%2Fv2%2Fmedia&parent=4139"}],"curies":[{"name":"wp","href":"https:\/\/api.w.org\/{rel}","templated":true}]}}