{"id":371,"date":"2017-01-25T16:57:49","date_gmt":"2017-01-25T15:57:49","guid":{"rendered":"http:\/\/hhc-waldhausen.de\/?page_id=371"},"modified":"2017-01-25T16:57:49","modified_gmt":"2017-01-25T15:57:49","slug":"schlagzeug","status":"publish","type":"page","link":"https:\/\/hhc-waldhausen.de\/?page_id=371","title":{"rendered":"Schlagzeug"},"content":{"rendered":"<div>\n<h4><strong>Schlagzeug<\/strong><strong><br \/>\n<\/strong><\/h4>\n<div>\n<div>\n<div><\/p>\n<\/div>\n<\/div>\n<p>Seit 2012 kooperieren wir mit der Schlagzeugschule &#8222;funky beat&#8220;. Fortgeschrittene Sch\u00fcler (mindestens 2 Jahre Unterricht) spielen nun regelm\u00e4\u00dfig bei Konzerten des H.H.C. Waldhausen mit. Hierbei liegt der Schwerpunkt auf Spielen in einem Orchester. Nebenbei erlernen die Sch\u00fcler noch das sichere Notenlesen sowie Blattspiel-\u00dcbungen. Der Sch\u00fcler bekommt hierbei die M\u00f6glichkeit seinen musikalischen Horizont zu erweitern und wird nach Konzerten um einige interessante Erfahrungen reicher sein.<\/p>\n<p>Am Schlagzeug-Unterricht interessierte Kinder und Jugendliche vermitteln wir an die Schlagzeug- und Percussionschule &#8222;funky beat&#8220; von Daniel Schwenger in Pl\u00fcderhausen.<br \/>\nDort aktive Kinder und Jugendliche haben au\u00dferdem die M\u00f6glichkeit, am vielseitigen Angebot an Freizeitaktivit\u00e4ten der H.H.C.-Jugend teilzunehmen.<br \/>\nBereits beim H.H.C. aktive Kinder, Jugendliche und Erwachsene nehmen auch an verschiedenen Workshops (z.B. Cajon) teil.<\/p>\n<\/div>\n<\/div>\n<p><strong>Weitere Informationen<\/strong><\/p>\n<p><a href=\"http:\/\/www.danielschwenger.de\" target=\"_blank\"><img loading=\"lazy\" decoding=\"async\" class=\"alignnone  wp-image-372\" src=\"https:\/\/hhc-waldhausen.de\/wp-content\/uploads\/2017\/01\/crbst_funky_20beat_20-_20banner-300x204.jpg\" alt=\"\" width=\"412\" height=\"280\" srcset=\"https:\/\/hhc-waldhausen.de\/wp-content\/uploads\/2017\/01\/crbst_funky_20beat_20-_20banner-300x204.jpg 300w, https:\/\/hhc-waldhausen.de\/wp-content\/uploads\/2017\/01\/crbst_funky_20beat_20-_20banner-768x521.jpg 768w, https:\/\/hhc-waldhausen.de\/wp-content\/uploads\/2017\/01\/crbst_funky_20beat_20-_20banner-1024x695.jpg 1024w, https:\/\/hhc-waldhausen.de\/wp-content\/uploads\/2017\/01\/crbst_funky_20beat_20-_20banner.jpg 1199w\" sizes=\"auto, (max-width: 412px) 100vw, 412px\" \/><\/a><\/p>\n","protected":false},"excerpt":{"rendered":"<p>Schlagzeug Seit 2012 kooperieren wir mit der Schlagzeugschule &#8222;funky beat&#8220;. Fortgeschrittene Sch\u00fcler (mindestens 2 Jahre Unterricht) spielen nun regelm\u00e4\u00dfig bei Konzerten des H.H.C. Waldhausen mit. Hierbei liegt der Schwerpunkt auf &#8230;<\/p>\n","protected":false},"author":1,"featured_media":0,"parent":0,"menu_order":0,"comment_status":"closed","ping_status":"closed","template":"","meta":{"two_page_speed":[],"footnotes":""},"class_list":["post-371","page","type-page","status-publish","hentry"],"jetpack_sharing_enabled":true,"_links":{"self":[{"href":"https:\/\/hhc-waldhausen.de\/index.php?rest_route=\/wp\/v2\/pages\/371","targetHints":{"allow":["GET"]}}],"collection":[{"href":"https:\/\/hhc-waldhausen.de\/index.php?rest_route=\/wp\/v2\/pages"}],"about":[{"href":"https:\/\/hhc-waldhausen.de\/index.php?rest_route=\/wp\/v2\/types\/page"}],"author":[{"embeddable":true,"href":"https:\/\/hhc-waldhausen.de\/index.php?rest_route=\/wp\/v2\/users\/1"}],"replies":[{"embeddable":true,"href":"https:\/\/hhc-waldhausen.de\/index.php?rest_route=%2Fwp%2Fv2%2Fcomments&post=371"}],"version-history":[{"count":1,"href":"https:\/\/hhc-waldhausen.de\/index.php?rest_route=\/wp\/v2\/pages\/371\/revisions"}],"predecessor-version":[{"id":373,"href":"https:\/\/hhc-waldhausen.de\/index.php?rest_route=\/wp\/v2\/pages\/371\/revisions\/373"}],"wp:attachment":[{"href":"https:\/\/hhc-waldhausen.de\/index.php?rest_route=%2Fwp%2Fv2%2Fmedia&parent=371"}],"curies":[{"name":"wp","href":"https:\/\/api.w.org\/{rel}","templated":true}]}}