{"id":363,"date":"2017-01-25T16:29:51","date_gmt":"2017-01-25T15:29:51","guid":{"rendered":"http:\/\/hhc-waldhausen.de\/?page_id=363"},"modified":"2025-09-03T19:08:31","modified_gmt":"2025-09-03T17:08:31","slug":"akkordeon-ag-2","status":"publish","type":"page","link":"https:\/\/hhc-waldhausen.de\/?page_id=363","title":{"rendered":"Noten-Geheimschrift"},"content":{"rendered":"<div>\n<h4><strong>NOTEN-GEHEIMSCHRIFT<\/strong><\/h4>\n<p>+ spielend leicht Noten lernen<br \/>\n+ f\u00fcr Kinder der Klassen 2-6<br \/>\n+ 7\u00a0Wochen musikalischer R\u00e4tselspa\u00df<br \/>\n+ in Kleingruppen (3-4 Kinder)<br \/>\n+ Start (sobald Gruppengr\u00f6\u00dfe erreicht)<br \/>\nim November 2025, Januar und M\u00e4rz 2026<br \/>\n+ 7 Einheiten inkl. Heft 84.- \u20ac<\/p>\n<\/div>\n<p>Du m\u00f6chtest gerne eine ganz besondere Geheimschrift kennenlernen?<br \/>\nWir zeigen Dir, wie man die Geheimschrift liest, mit ihr tolle Musik macht und dabei spannende R\u00e4tsel l\u00f6st!<\/p>\n<p>Spielend leicht, werden Kinder der Klassen 2 bis 6 in Kleingruppen Noten lernen, und gleichzeitig das vielseitige Instrument Akkordeon entdecken und in kleinen Schritten erlernen. Mit der \u201eNoten-Geheimschrift\u201c werden die musikalischen und rhythmischen F\u00e4higkeiten von Kindern auf vielf\u00e4ltige Art und Weise gefordert und gef\u00f6rdert. Der musikalische R\u00e4tselspa\u00df findet 7 Wochen lang, immer im Dorfhaus Waldhausen statt. Eine professionelle Lehrkraft wird den Kurs gestalten und dabei individuell auf die M\u00f6glichkeiten, W\u00fcnsche und Erfahrungen der Kinder eingehen. So wird am Ende des Kurses jeder zur Notenk\u00f6nigin oder zum Notenk\u00f6nig und erh\u00e4lt eine Urkunde!<\/p>\n<p>Ihr habt Interesse? Dann scannt den QR- Code auf dem Plakat, schreibt eine Mail (info@hhc-waldhausen.de) oder ruft an (0171\/7566327).<\/p>\n<p>Wir freuen uns schon darauf, Euch in die Geheimnisse der Geheimschrift einweihen zu k\u00f6nnen!<\/p>\n<p><strong>Weitere Informationen und Anmeldung<\/strong><br \/>\nWeitere Informationen bei Heiko Cammerer, Tel. 0171\/7566327 oder <a href=\"mailto:heiko.cammerer@hhc-waldhausen.de\">eMail<\/a>.<\/p>\n<p><img loading=\"lazy\" decoding=\"async\" class=\"alignnone size-large wp-image-4470\" src=\"https:\/\/hhc-waldhausen.de\/wp-content\/uploads\/2025\/09\/2025-Noten-Geheimschrift-709x1024.jpg\" alt=\"\" width=\"709\" height=\"1024\" srcset=\"https:\/\/hhc-waldhausen.de\/wp-content\/uploads\/2025\/09\/2025-Noten-Geheimschrift-709x1024.jpg 709w, https:\/\/hhc-waldhausen.de\/wp-content\/uploads\/2025\/09\/2025-Noten-Geheimschrift-208x300.jpg 208w, https:\/\/hhc-waldhausen.de\/wp-content\/uploads\/2025\/09\/2025-Noten-Geheimschrift-415x600.jpg 415w, https:\/\/hhc-waldhausen.de\/wp-content\/uploads\/2025\/09\/2025-Noten-Geheimschrift.jpg 720w\" sizes=\"auto, (max-width: 709px) 100vw, 709px\" \/><\/p>\n<p><strong><a href=\"https:\/\/hhc-waldhausen.de\/wp-content\/uploads\/2025\/09\/2025-Noten-Geheimschrift.pdf\" target=\"_blank\" rel=\"noopener\">Download als pdf&#8230;<\/a><\/strong><\/p>\n","protected":false},"excerpt":{"rendered":"<p>NOTEN-GEHEIMSCHRIFT + spielend leicht Noten lernen + f\u00fcr Kinder der Klassen 2-6 + 7\u00a0Wochen musikalischer R\u00e4tselspa\u00df + in Kleingruppen (3-4 Kinder) + Start (sobald Gruppengr\u00f6\u00dfe erreicht) im November 2025, Januar &#8230;<\/p>\n","protected":false},"author":1,"featured_media":4470,"parent":0,"menu_order":0,"comment_status":"closed","ping_status":"closed","template":"","meta":{"two_page_speed":[],"footnotes":""},"class_list":["post-363","page","type-page","status-publish","has-post-thumbnail","hentry"],"jetpack_sharing_enabled":true,"_links":{"self":[{"href":"https:\/\/hhc-waldhausen.de\/index.php?rest_route=\/wp\/v2\/pages\/363","targetHints":{"allow":["GET"]}}],"collection":[{"href":"https:\/\/hhc-waldhausen.de\/index.php?rest_route=\/wp\/v2\/pages"}],"about":[{"href":"https:\/\/hhc-waldhausen.de\/index.php?rest_route=\/wp\/v2\/types\/page"}],"author":[{"embeddable":true,"href":"https:\/\/hhc-waldhausen.de\/index.php?rest_route=\/wp\/v2\/users\/1"}],"replies":[{"embeddable":true,"href":"https:\/\/hhc-waldhausen.de\/index.php?rest_route=%2Fwp%2Fv2%2Fcomments&post=363"}],"version-history":[{"count":14,"href":"https:\/\/hhc-waldhausen.de\/index.php?rest_route=\/wp\/v2\/pages\/363\/revisions"}],"predecessor-version":[{"id":4472,"href":"https:\/\/hhc-waldhausen.de\/index.php?rest_route=\/wp\/v2\/pages\/363\/revisions\/4472"}],"wp:featuredmedia":[{"embeddable":true,"href":"https:\/\/hhc-waldhausen.de\/index.php?rest_route=\/wp\/v2\/media\/4470"}],"wp:attachment":[{"href":"https:\/\/hhc-waldhausen.de\/index.php?rest_route=%2Fwp%2Fv2%2Fmedia&parent=363"}],"curies":[{"name":"wp","href":"https:\/\/api.w.org\/{rel}","templated":true}]}}