{"id":358,"date":"2017-01-25T16:14:15","date_gmt":"2017-01-25T15:14:15","guid":{"rendered":"http:\/\/hhc-waldhausen.de\/?page_id=358"},"modified":"2023-06-22T18:06:15","modified_gmt":"2023-06-22T16:06:15","slug":"floetentreff-h-h-c","status":"publish","type":"page","link":"https:\/\/hhc-waldhausen.de\/?page_id=358","title":{"rendered":"Fl\u00f6tentreff H.H.C."},"content":{"rendered":"<div>\n<h4><strong>Fl\u00f6tentreff H.H.C.<br \/>\n<\/strong><\/h4>\n<div>\n<div>\n\n<\/div>\n<p>Auch 2021 starten wieder neue Kurse beim Fl\u00f6tentreff H.H.C. f\u00fcr Kinder ab 5 Jahren.<br \/>\nDer Kurs beginntim Oktober (freitags um 16 Uhr im Dorfhaus Waldhausen),<br \/>\nFortgeschrittene Spieler\/-innen ab 9 Jahren, Wiedereinsteiger, Quereinsteiger,\u2026 sind zur Teilnahme im <a href=\"https:\/\/hhc-waldhausen.de\/?page_id=272\">Fl\u00f6ten-Ensemble<\/a> eingeladen. Dieses findet freitags von 18 \u2013 19 Uhr im Dorfhaus Waldhausen statt.<br \/>\nAnsprechpartnerin \u2013 Kursleiterin Tatjana Schwanitz, Tel. 07172 \/ 9112514<br \/>\nE-Mail: floetentreff@hhc-waldhausen.de<\/p>\n<p>Seit Mai 2004 bietet der H.H.C. Waldhausen mit dem \u201eFl\u00f6tentreff H.H.C.\u201c\u00a0 Kindern ab ca. 6 Jahren ein fundiertes Unterrichtsangebot zum Erlernen der Sopranfl\u00f6te an. Musikalische Vorkenntnisse sind nicht notwendig.<\/p>\n<p><strong>Wissenswertes<\/strong><br \/>\nMit Freunden gemeinsam zu musizieren steht bei diesem Unterrichtskonzept im Vordergrund. Das Kennenlernen und Singen von Kinderliedern, Klatsch- und Rhythmusspiele sowie Musizieren mit Orff-Instrumenten sind wichtige begleitende Unterrichtsbausteine. Mit Gitarre, Playbacks und tiefen Blockfl\u00f6ten wird der Unterricht modern und abwechslungsreich gestaltet. Schon bald k\u00f6nnen die Kinder bei Sch\u00fclervorspielen, Gemeindeveranstaltungen oder Vereinsveranstaltungen ihr Gelerntes einsetzen. Sch\u00fclerorchester, Ensemblestunden und ein attraktives Freizeitprogramm rundes das Vereinsangebot ab und erm\u00f6glicht es den Kindern, neue Freunde zu finden und Freizeit sinnvoll zu gestalten.<br \/>\nMittlerweile hat sich die Erkenntnis durchgesetzt, dass sich das Erlernen eines Instruments auf die allgemeinen Bedingungen des Lernens positiv auswirkt: Konzentrationsf\u00e4higkeit, Motivation und Sozialverhalten, Motorik, Sinneswahrnehmung, Fantasie. Auch f\u00fcr andere Lebensbereiche wird beim Musizieren in der Gruppe soziale Kompetenz nachhaltig gef\u00f6rdert und entwickelt.<br \/>\nIm Blockfl\u00f6tengrundkurs erhalten die Kinder meist den ersten Kontakt zu Instrumentalunterricht. Die Sopranfl\u00f6te ist dabei das ideale Anfangsinstrument: kindgerecht gebaut, handlich und sehr preiswert in der Anschaffung. F\u00fcr den \u201eFl\u00f6tentreff\u201c ben\u00f6tigt Ihr Kind eine Markenblockfl\u00f6te mit barocker Griffweise (z. B. \u00fcber eine Sammelbestellung bei der Lehrkraft).<\/p>\n<p><strong>Lernbereiche und Ziele im Blockfl\u00f6tengrundkurs<\/strong><br \/>\n&#8211; Grundbegriffe der musikalischen Gestaltung mit einem Instrument<br \/>\n&#8211; Notenkenntnisse und elementare Musiklehre<br \/>\n&#8211; Pflege des Zusammenspiels und des sozialen Verhaltens<br \/>\n&#8211; Erlernen der Sopranfl\u00f6te<br \/>\n&#8211; F\u00f6rderung der Musikalit\u00e4t<br \/>\n&#8211; Vorbereitung auf weiterf\u00fchrenden Musikunterricht<br \/>\n&#8211; St\u00e4rkung der Pers\u00f6nlichkeit<br \/>\n&#8211; Mitwirkung bei Vereinsveranstaltungen und Konzerten<\/p>\n<p><strong>Gruppengr\u00f6\u00dfe, Unterrichtszeiten, Anschlussangebote<\/strong><br \/>\nDer Unterricht findet als Duo, Trio oder in Kleingruppen mit 5 &#8211; 7 (8) Kindern einmal w\u00f6chentlich (45 Minuten) im Dorfhaus Waldhausen statt. Der Blockfl\u00f6tengrundkurs dauert ca. 2 Jahre. Im Anschluss kann das Erlernte vertieft werden (SopranPlus) oder die Ausbildung auf der Altblockfl\u00f6te fortgesetzt werden.<br \/>\nUnterrichtsinhalte bei SopranPlus sind unter anderem Steigerung der Spielfertigkeit, Vertiefung der Kenntnisse in der Musiktheorie, mehrstimmiges Spielen sowie das Kennen lernen und Spielen von weiterf\u00fchrender Blockfl\u00f6tenliteratur. Mit der Altblockfl\u00f6te erschlie\u00dft sich den Sch\u00fclerinnen und Sch\u00fclern die gesamte klassische Blockfl\u00f6tenliteratur und erm\u00f6glicht dar\u00fcber hinaus auch das Umsteigen auf die tieferen Register Tenor- und Bassfl\u00f6te. Auch f\u00fcr andere Ensembleformationen hat man damit ein willkommenes Fundament.<br \/>\nWeitere Anschlussangebote des H.H.C. sind das Fl\u00f6ten-Ensemble, eine Ausbildung auf einem Tasteninstrument (Akkordeon und E-Piano) oder Gitarre.<\/p>\n<p><strong>Weitere Informationen und Anmeldung<br \/>\n<\/strong>Weitere Informationen und Anmeldung bei Heiko Cammerer, Tel. 0171\/7566327 oder <a href=\"mailto:heiko.cammerer@hhc-waldhausen.de\">eMail<\/a>.<br \/>\nDort erhalten Sie auch das Informationsblatt mit den aktuellen Unterrichtsbedingungen und -geb\u00fchren.<\/p>\n<\/div>\n<\/div>\n","protected":false},"excerpt":{"rendered":"<p>Fl\u00f6tentreff H.H.C. Auch 2021 starten wieder neue Kurse beim Fl\u00f6tentreff H.H.C. f\u00fcr Kinder ab 5 Jahren. Der Kurs beginntim Oktober (freitags um 16 Uhr im Dorfhaus Waldhausen), Fortgeschrittene Spieler\/-innen ab &#8230;<\/p>\n","protected":false},"author":1,"featured_media":0,"parent":0,"menu_order":0,"comment_status":"closed","ping_status":"closed","template":"","meta":{"two_page_speed":[],"footnotes":""},"class_list":["post-358","page","type-page","status-publish","hentry"],"jetpack_sharing_enabled":true,"_links":{"self":[{"href":"https:\/\/hhc-waldhausen.de\/index.php?rest_route=\/wp\/v2\/pages\/358","targetHints":{"allow":["GET"]}}],"collection":[{"href":"https:\/\/hhc-waldhausen.de\/index.php?rest_route=\/wp\/v2\/pages"}],"about":[{"href":"https:\/\/hhc-waldhausen.de\/index.php?rest_route=\/wp\/v2\/types\/page"}],"author":[{"embeddable":true,"href":"https:\/\/hhc-waldhausen.de\/index.php?rest_route=\/wp\/v2\/users\/1"}],"replies":[{"embeddable":true,"href":"https:\/\/hhc-waldhausen.de\/index.php?rest_route=%2Fwp%2Fv2%2Fcomments&post=358"}],"version-history":[{"count":6,"href":"https:\/\/hhc-waldhausen.de\/index.php?rest_route=\/wp\/v2\/pages\/358\/revisions"}],"predecessor-version":[{"id":3706,"href":"https:\/\/hhc-waldhausen.de\/index.php?rest_route=\/wp\/v2\/pages\/358\/revisions\/3706"}],"wp:attachment":[{"href":"https:\/\/hhc-waldhausen.de\/index.php?rest_route=%2Fwp%2Fv2%2Fmedia&parent=358"}],"curies":[{"name":"wp","href":"https:\/\/api.w.org\/{rel}","templated":true}]}}