{"id":328,"date":"2017-01-25T14:51:18","date_gmt":"2017-01-25T13:51:18","guid":{"rendered":"http:\/\/hhc-waldhausen.de\/?page_id=328"},"modified":"2023-06-22T18:08:22","modified_gmt":"2023-06-22T16:08:22","slug":"keyboard-e-piano","status":"publish","type":"page","link":"https:\/\/hhc-waldhausen.de\/?page_id=328","title":{"rendered":"Keyboard \/ E-Piano"},"content":{"rendered":"<div>\n<h4><strong>Ausbildung Keyboard \/ E-Piano<br \/>\n<\/strong><\/h4>\n<div>\n<div>\n\n<\/div>\n<p>F\u00fcr Kinder ab 6 Jahren, Jugendliche und Erwachsene auch ohne musikalische Vorkenntnisse sowie f\u00fcr Wiedereinsteiger.<\/p>\n<\/div>\n<\/div>\n<p>Wir bieten eine fundierte Ausbildung durch eine qualifizierte Lehrkraft zu fairen Geb\u00fchren.<br \/>\nDer Unterricht findet als Einzel- oder Gruppenunterricht w\u00f6chentlich im Dorfhaus Waldhausen statt.<\/p>\n<p>Die Mitwirkung in Spielgruppen, Sch\u00fclerorchester und in unseren Orchestern und Ensembles sind je nach Leistungsstand fester Bestandteil der Ausbildung.<br \/>\nEbenfalls unterst\u00fctzen wir die Teilnahme an Wertungsspielen und Lehrg\u00e4ngen, die weitere M\u00f6glichkeiten der Qualifizierung erschliessen.<\/p>\n<p>Ein breites Freizeitprogramm erg\u00e4nzt dieses Angebot und bietet den Kindern und Jugendlichen die M\u00f6glichkeit, einen Freundeskreis zu erschlie\u00dfen und gemeinsam mit Gleichaltrigen die Freizeit zu gestalten. Dies spielt in der Entwicklung der Kinder und ihrer Sozialkompetenz gerade in der heutigen Zeit eine wichtige Rolle.<\/p>\n<p><strong>Weitere Informationen und Anmeldung<\/strong><br \/>\nWeitere Informationen und Anmeldung bei Heiko Cammerer, Tel. 0171\/7566327 oder <a href=\"mailto:heiko.cammerer@hhc-waldhausen.de\">eMail<\/a>.<br \/>\nDort erhalten Sie auch das Informationsblatt mit den aktuellen Unterrichtsbedingungen und -geb\u00fchren.<\/p>\n","protected":false},"excerpt":{"rendered":"<p>Ausbildung Keyboard \/ E-Piano F\u00fcr Kinder ab 6 Jahren, Jugendliche und Erwachsene auch ohne musikalische Vorkenntnisse sowie f\u00fcr Wiedereinsteiger. Wir bieten eine fundierte Ausbildung durch eine qualifizierte Lehrkraft zu fairen &#8230;<\/p>\n","protected":false},"author":1,"featured_media":0,"parent":0,"menu_order":0,"comment_status":"closed","ping_status":"closed","template":"","meta":{"two_page_speed":[],"footnotes":""},"class_list":["post-328","page","type-page","status-publish","hentry"],"jetpack_sharing_enabled":true,"_links":{"self":[{"href":"https:\/\/hhc-waldhausen.de\/index.php?rest_route=\/wp\/v2\/pages\/328","targetHints":{"allow":["GET"]}}],"collection":[{"href":"https:\/\/hhc-waldhausen.de\/index.php?rest_route=\/wp\/v2\/pages"}],"about":[{"href":"https:\/\/hhc-waldhausen.de\/index.php?rest_route=\/wp\/v2\/types\/page"}],"author":[{"embeddable":true,"href":"https:\/\/hhc-waldhausen.de\/index.php?rest_route=\/wp\/v2\/users\/1"}],"replies":[{"embeddable":true,"href":"https:\/\/hhc-waldhausen.de\/index.php?rest_route=%2Fwp%2Fv2%2Fcomments&post=328"}],"version-history":[{"count":5,"href":"https:\/\/hhc-waldhausen.de\/index.php?rest_route=\/wp\/v2\/pages\/328\/revisions"}],"predecessor-version":[{"id":3709,"href":"https:\/\/hhc-waldhausen.de\/index.php?rest_route=\/wp\/v2\/pages\/328\/revisions\/3709"}],"wp:attachment":[{"href":"https:\/\/hhc-waldhausen.de\/index.php?rest_route=%2Fwp%2Fv2%2Fmedia&parent=328"}],"curies":[{"name":"wp","href":"https:\/\/api.w.org\/{rel}","templated":true}]}}