{"id":305,"date":"2017-01-25T13:07:44","date_gmt":"2017-01-25T12:07:44","guid":{"rendered":"http:\/\/hhc-waldhausen.de\/?page_id=305"},"modified":"2023-06-22T18:03:13","modified_gmt":"2023-06-22T16:03:13","slug":"ausbildung-akkordeon","status":"publish","type":"page","link":"https:\/\/hhc-waldhausen.de\/?page_id=305","title":{"rendered":"Akkordeon"},"content":{"rendered":"<div>\n<h4><strong>Ausbildung Akkordeon<\/strong><\/h4>\n<div>\n\n<p>F\u00fcr Kinder ab 6 Jahren, Jugendliche und Erwachsene auch ohne musikalische Vorkenntnisse sowie f\u00fcr Wiedereinsteiger.<\/p>\n<p>Akkordeon auf dem Vormarsch &#8211; allein in Baden-W\u00fcrttemberg musizieren ann\u00e4hernd 50.000 Kinder und Jugendliche mit dem Akkordeon. Das Akkordeon, fr\u00fcher vorrangig dem volkst\u00fcmlichen Bereich zugeordnet, erobert, nicht zuletzt aufgrund seiner Vielseitigkeit, traditionell belegte Bereiche der Klassik.<br \/>\nDie Vielseitigkeit dieses Instruments ist faszinierend!<\/p>\n<\/div>\n<\/div>\n<p>Wir bieten eine fundierte Ausbildung durch eine qualifizierte Lehrkraft zu fairen Geb\u00fchren.<br \/>\nDer Unterricht findet als Einzel- oder Gruppenunterricht w\u00f6chentlich im Dorfhaus Waldhausen statt.<\/p>\n<p>Die Mitwirkung in Spielgruppen, Sch\u00fclerorchester und in unseren Orchestern und Ensembles sind je nach Leistungsstand fester Bestandteil der Ausbildung.<br \/>\nEbenfalls unterst\u00fctzen wir die Teilnahme an Wertungsspielen und Lehrg\u00e4ngen, die weitere M\u00f6glichkeiten der Qualifizierung erschliessen.<br \/>\nF\u00fcr ehemalige Akkordeonspieler jeden Alters bieten wir spezielle Kurse f\u00fcr Wiedereinsteiger an.<\/p>\n<p>F\u00fcr den Akkordeon-Unterricht sind vereinseigene Lerninstrumente vorhanden, die gegen eine Jahresgeb\u00fchr von 60.- \u20ac ausgeliehen werden k\u00f6nnen (nur Anf\u00e4ngerinstrumente &#8211; wir sind bei der Vermittlung von gr\u00f6\u00dferen Instrumenten gerne behilflich).<\/p>\n<p>Ein breites Freizeitprogramm erg\u00e4nzt dieses Angebot und bietet den Kindern und Jugendlichen die M\u00f6glichkeit, einen Freundeskreis zu erschlie\u00dfen und gemeinsam mit Gleichaltrigen die Freizeit zu gestalten. Dies spielt in der Entwicklung der Kinder und ihrer Sozialkompetenz gerade in der heutigen Zeit eine wichtige Rolle. Ein ehrenamtliches Engagement wird vom Kultusministerium mit einem Beiblatt zum Schulzeugnis gef\u00f6rdert.<\/p>\n<p><strong>Weitere Informationen und Anmeldung<\/strong><br \/>\nWeitere Informationen und Anmeldung bei Heiko Cammerer, Tel. 0171\/7566327 oder <a href=\"mailto:heiko.cammerer@hhc-waldhausen.de\">eMail<\/a>.<br \/>\nDort erhalten Sie auch das Informationsblatt mit den aktuellen Unterrichtsbedingungen und -geb\u00fchren.<\/p>\n","protected":false},"excerpt":{"rendered":"<p>Ausbildung Akkordeon F\u00fcr Kinder ab 6 Jahren, Jugendliche und Erwachsene auch ohne musikalische Vorkenntnisse sowie f\u00fcr Wiedereinsteiger. Akkordeon auf dem Vormarsch &#8211; allein in Baden-W\u00fcrttemberg musizieren ann\u00e4hernd 50.000 Kinder und &#8230;<\/p>\n","protected":false},"author":1,"featured_media":0,"parent":0,"menu_order":0,"comment_status":"closed","ping_status":"closed","template":"","meta":{"two_page_speed":[],"footnotes":""},"class_list":["post-305","page","type-page","status-publish","hentry"],"jetpack_sharing_enabled":true,"_links":{"self":[{"href":"https:\/\/hhc-waldhausen.de\/index.php?rest_route=\/wp\/v2\/pages\/305","targetHints":{"allow":["GET"]}}],"collection":[{"href":"https:\/\/hhc-waldhausen.de\/index.php?rest_route=\/wp\/v2\/pages"}],"about":[{"href":"https:\/\/hhc-waldhausen.de\/index.php?rest_route=\/wp\/v2\/types\/page"}],"author":[{"embeddable":true,"href":"https:\/\/hhc-waldhausen.de\/index.php?rest_route=\/wp\/v2\/users\/1"}],"replies":[{"embeddable":true,"href":"https:\/\/hhc-waldhausen.de\/index.php?rest_route=%2Fwp%2Fv2%2Fcomments&post=305"}],"version-history":[{"count":9,"href":"https:\/\/hhc-waldhausen.de\/index.php?rest_route=\/wp\/v2\/pages\/305\/revisions"}],"predecessor-version":[{"id":3702,"href":"https:\/\/hhc-waldhausen.de\/index.php?rest_route=\/wp\/v2\/pages\/305\/revisions\/3702"}],"wp:attachment":[{"href":"https:\/\/hhc-waldhausen.de\/index.php?rest_route=%2Fwp%2Fv2%2Fmedia&parent=305"}],"curies":[{"name":"wp","href":"https:\/\/api.w.org\/{rel}","templated":true}]}}