{"id":293,"date":"2017-01-22T20:53:37","date_gmt":"2017-01-22T19:53:37","guid":{"rendered":"http:\/\/hhc-waldhausen.de\/?page_id=293"},"modified":"2017-01-22T20:53:37","modified_gmt":"2017-01-22T19:53:37","slug":"ausbildung","status":"publish","type":"page","link":"https:\/\/hhc-waldhausen.de\/?page_id=293","title":{"rendered":"Ausbildung"},"content":{"rendered":"<p>Akkordeon auf dem Vormarsch &#8211; allein in Baden-W\u00fcrttemberg musizieren ann\u00e4hernd 50.000 Kinder und Jugendliche mit dem Akkordeon.<br \/>\nDas Akkordeon, fr\u00fcher vorrangig dem volkst\u00fcmlichen Bereich zugeordnet, erobert, nicht zuletzt aufgrund seiner Vielseitigkeit, traditionell belegte Bereiche der Klassik.<\/p>\n<p>Der H.H.C. Waldhausen bietet ein l\u00fcckenloses Angebot f\u00fcr die musikalische F\u00f6rderung und Erziehung von Kindern und Jugendlichen sowie der Ausbildung von Erwachsenen. Und das zu fairen Geb\u00fchren.<br \/>\nDie fachliche Arbeit durch qualifizierte Lehrkr\u00e4fte wird durch ein breites Freizeitangebot erg\u00e4nzt.<\/p>\n","protected":false},"excerpt":{"rendered":"<p>Akkordeon auf dem Vormarsch &#8211; allein in Baden-W\u00fcrttemberg musizieren ann\u00e4hernd 50.000 Kinder und Jugendliche mit dem Akkordeon. Das Akkordeon, fr\u00fcher vorrangig dem volkst\u00fcmlichen Bereich zugeordnet, erobert, nicht zuletzt aufgrund seiner &#8230;<\/p>\n","protected":false},"author":1,"featured_media":0,"parent":0,"menu_order":0,"comment_status":"closed","ping_status":"closed","template":"","meta":{"two_page_speed":[],"footnotes":""},"class_list":["post-293","page","type-page","status-publish","hentry"],"jetpack_sharing_enabled":true,"_links":{"self":[{"href":"https:\/\/hhc-waldhausen.de\/index.php?rest_route=\/wp\/v2\/pages\/293","targetHints":{"allow":["GET"]}}],"collection":[{"href":"https:\/\/hhc-waldhausen.de\/index.php?rest_route=\/wp\/v2\/pages"}],"about":[{"href":"https:\/\/hhc-waldhausen.de\/index.php?rest_route=\/wp\/v2\/types\/page"}],"author":[{"embeddable":true,"href":"https:\/\/hhc-waldhausen.de\/index.php?rest_route=\/wp\/v2\/users\/1"}],"replies":[{"embeddable":true,"href":"https:\/\/hhc-waldhausen.de\/index.php?rest_route=%2Fwp%2Fv2%2Fcomments&post=293"}],"version-history":[{"count":1,"href":"https:\/\/hhc-waldhausen.de\/index.php?rest_route=\/wp\/v2\/pages\/293\/revisions"}],"predecessor-version":[{"id":294,"href":"https:\/\/hhc-waldhausen.de\/index.php?rest_route=\/wp\/v2\/pages\/293\/revisions\/294"}],"wp:attachment":[{"href":"https:\/\/hhc-waldhausen.de\/index.php?rest_route=%2Fwp%2Fv2%2Fmedia&parent=293"}],"curies":[{"name":"wp","href":"https:\/\/api.w.org\/{rel}","templated":true}]}}