{"id":272,"date":"2017-01-19T18:04:34","date_gmt":"2017-01-19T17:04:34","guid":{"rendered":"http:\/\/hhc-waldhausen.de\/?page_id=272"},"modified":"2026-02-16T22:08:51","modified_gmt":"2026-02-16T21:08:51","slug":"floeten-ensemble","status":"publish","type":"page","link":"https:\/\/hhc-waldhausen.de\/?page_id=272","title":{"rendered":"Fl\u00f6ten-Ensemble"},"content":{"rendered":"<div>\n<h4><strong>Fl\u00f6ten-Ensemble<br \/>\n<\/strong><\/h4>\n<div>\n<div><\/div>\n<\/div>\n<\/div>\n<p><strong><br \/>\nLeitung:\u00a0<\/strong>\u00a0 Tatjana Schwanitz<br \/>\n<strong>Probentag:<\/strong>\u00a0 \u00a0Dienstag, 18.15 &#8211; 19.00 Uhr, Lorch<br \/>\n<strong>Kontakt:<\/strong> \u00a0 Heiko Cammerer, Tel. 0171\/7566327, email: <a href=\"mailto:heiko.cammerer@hhc-waldhausen.de\">heiko.cammerer@hhc-waldhausen.de<\/a><\/p>\n<p>Im Mai 2010 gr\u00fcndete sich ein festes Fl\u00f6ten-Ensemble beim H.H.C. Waldhausen. Es setzt sich zusammen aus Sch\u00fclerinnen und Sch\u00fclern, die gute Kenntnisse auf der Sopranfl\u00f6te im Kurs SopranPlus erworben haben und Sch\u00fclerInnen aus dem Altfl\u00f6tentreff und einigen jugendlichen Spielerinnen, die bereits Tenor- und Bassfl\u00f6te greifen und spielen k\u00f6nnen. Hier erarbeiten wir Vortragsst\u00fccke f\u00fcr unsere gemeinsamen Auftritte bei Vereinsfesten oder Kirchenkonzerten. Das gemeinsame Musizieren mit Freunde und Freuden wird hier ma\u00dfgeblich umgesetzt. Das Fl\u00f6ten-Ensemble steht auch Jugendlichen ab ca. 9 Jahre aus anderen Institutionen und Wiedereinsteigern offen, die bislang noch kein Unterrichtsangebot des H.H.C. besuchen.<\/p>\n","protected":false},"excerpt":{"rendered":"<p>Fl\u00f6ten-Ensemble Leitung:\u00a0\u00a0 Tatjana Schwanitz Probentag:\u00a0 \u00a0Dienstag, 18.15 &#8211; 19.00 Uhr, Lorch Kontakt: \u00a0 Heiko Cammerer, Tel. 0171\/7566327, email: heiko.cammerer@hhc-waldhausen.de Im Mai 2010 gr\u00fcndete sich ein festes Fl\u00f6ten-Ensemble beim H.H.C. Waldhausen. &#8230;<\/p>\n","protected":false},"author":1,"featured_media":0,"parent":0,"menu_order":0,"comment_status":"closed","ping_status":"closed","template":"","meta":{"two_page_speed":[],"footnotes":""},"class_list":["post-272","page","type-page","status-publish","hentry"],"jetpack_sharing_enabled":true,"_links":{"self":[{"href":"https:\/\/hhc-waldhausen.de\/index.php?rest_route=\/wp\/v2\/pages\/272","targetHints":{"allow":["GET"]}}],"collection":[{"href":"https:\/\/hhc-waldhausen.de\/index.php?rest_route=\/wp\/v2\/pages"}],"about":[{"href":"https:\/\/hhc-waldhausen.de\/index.php?rest_route=\/wp\/v2\/types\/page"}],"author":[{"embeddable":true,"href":"https:\/\/hhc-waldhausen.de\/index.php?rest_route=\/wp\/v2\/users\/1"}],"replies":[{"embeddable":true,"href":"https:\/\/hhc-waldhausen.de\/index.php?rest_route=%2Fwp%2Fv2%2Fcomments&post=272"}],"version-history":[{"count":4,"href":"https:\/\/hhc-waldhausen.de\/index.php?rest_route=\/wp\/v2\/pages\/272\/revisions"}],"predecessor-version":[{"id":4591,"href":"https:\/\/hhc-waldhausen.de\/index.php?rest_route=\/wp\/v2\/pages\/272\/revisions\/4591"}],"wp:attachment":[{"href":"https:\/\/hhc-waldhausen.de\/index.php?rest_route=%2Fwp%2Fv2%2Fmedia&parent=272"}],"curies":[{"name":"wp","href":"https:\/\/api.w.org\/{rel}","templated":true}]}}